{"id":9014,"date":"2018-01-11T09:14:46","date_gmt":"2018-01-11T09:14:46","guid":{"rendered":"https:\/\/clinicadelpielamalagueta.com\/contact\/"},"modified":"2024-11-26T12:38:59","modified_gmt":"2024-11-26T12:38:59","slug":"contact","status":"publish","type":"page","link":"https:\/\/clinicadelpielamalagueta.com\/en\/contact\/","title":{"rendered":"Contact"},"content":{"rendered":"<div class=\"wpb-content-wrapper\"><p>[vc_row css_animation=&#8221;&#8221; row_type=&#8221;row&#8221; use_row_as_full_screen_section=&#8221;no&#8221; type=&#8221;grid&#8221; angled_section=&#8221;no&#8221; text_align=&#8221;left&#8221; background_image=&#8221;6743&#8243; background_image_as_pattern=&#8221;without_pattern&#8221; z_index=&#8221;&#8221; css=&#8221;.vc_custom_1732624732866{margin-top: -8rem !important;padding-top: 22rem !important;padding-bottom: 5rem !important;}&#8221; el_class=&#8221;img-filter&#8221;][vc_column][vc_column_text]<\/p>\n<h1 class=\"titulo-cabecera\" style=\"font-size: 30px; line-height: 55px; color: #fff; font-weight: bold;\">Contact Cl\u00ednica del Pie<\/h1>\n<p>&nbsp;<\/p>\n<p style=\"font-size: 20px; line-height: 30px; color: #fff;\">We will contact you as soon as possible<\/p>\n<p>[\/vc_column_text][\/vc_column][\/vc_row][vc_row css_animation=&#8221;&#8221; row_type=&#8221;row&#8221; use_row_as_full_screen_section=&#8221;no&#8221; type=&#8221;full_width&#8221; angled_section=&#8221;no&#8221; text_align=&#8221;left&#8221; background_image_as_pattern=&#8221;without_pattern&#8221; css=&#8221;.vc_custom_1686584152380{padding-top: 5rem !important;padding-bottom: 5rem !important;}&#8221; z_index=&#8221;&#8221;][vc_column][vc_column_text]<\/p>\n<h2 style=\"text-align: center;\">Contact information<\/h2>\n<p>[\/vc_column_text][\/vc_column][\/vc_row][vc_row css_animation=&#8221;&#8221; row_type=&#8221;row&#8221; use_row_as_full_screen_section=&#8221;no&#8221; type=&#8221;grid&#8221; angled_section=&#8221;no&#8221; text_align=&#8221;left&#8221; background_image_as_pattern=&#8221;without_pattern&#8221; z_index=&#8221;&#8221;][vc_column width=&#8221;1\/3&#8243;]<span data-type=\"normal\" data-hover-icon-color=\"#a1866a\" class=\"qode_icon_shortcode  q_font_awsome_icon fa-4x pull-center \" style=\" \"><i class=\"qode_icon_font_awesome fa fa-map-marker qode_icon_element\" style=\"color: #c3b19a;\" ><\/i><\/span>[vc_column_text]<\/p>\n<h3 style=\"text-align: center;\">Address<\/h3>\n<p style=\"text-align: center;\">C. Fernando Camino, 16, M\u00e1laga-Este, 29016 M\u00e1laga<\/p>\n<p>[\/vc_column_text][\/vc_column][vc_column width=&#8221;1\/3&#8243;]<span data-type=\"normal\" data-hover-icon-color=\"#a1866a\" class=\"qode_icon_shortcode  q_font_awsome_icon fa-4x pull-center \" style=\" \"><i class=\"qode_icon_font_awesome fa fa-mobile qode_icon_element\" style=\"color: #c3b19a;\" ><\/i><\/span>[vc_column_text]<\/p>\n<h3 style=\"text-align: center;\">Phone<\/h3>\n<p style=\"text-align: center;\"><a href=\"tel:699165800\">699165800<\/a><\/p>\n<p>[\/vc_column_text][\/vc_column][vc_column width=&#8221;1\/3&#8243;]<span data-type=\"normal\" data-hover-icon-color=\"#a1866a\" class=\"qode_icon_shortcode  q_font_awsome_icon fa-4x pull-center \" style=\" \"><i class=\"qode_icon_font_awesome fa fa-envelope qode_icon_element\" style=\"color: #c3b19a;\" ><\/i><\/span>[vc_column_text]<\/p>\n<h3 style=\"text-align: center;\">Email<\/h3>\n<p style=\"text-align: center;\"><a href=\"mailto:info@clinicadelpielamalagueta.com\">info@clinicadelpielamalagueta.com<\/a><\/p>\n<p>[\/vc_column_text][\/vc_column][\/vc_row][vc_row css_animation=&#8221;&#8221; row_type=&#8221;row&#8221; use_row_as_full_screen_section=&#8221;no&#8221; type=&#8221;grid&#8221; angled_section=&#8221;no&#8221; text_align=&#8221;left&#8221; background_image_as_pattern=&#8221;without_pattern&#8221; z_index=&#8221;&#8221; css=&#8221;.vc_custom_1686581502528{padding-top: 5rem !important;padding-bottom: 5rem !important;}&#8221;][vc_column width=&#8221;1\/2&#8243;][vc_column_text]<\/p>\n<h2 style=\"text-align: left;\">Contact us for whatever you need<\/h2>\n<p>You can contact Dr. Victor Hidalgo&#8217;s team through the contact form, by calling our phone number or sending us an email. You will receive a response within 24 hours.[\/vc_column_text][vc_empty_space height=&#8221;55px&#8221;]\n<div class=\"wpcf7 no-js\" id=\"wpcf7-f9202-o1\" lang=\"en-US\" dir=\"ltr\" data-wpcf7-id=\"9202\">\n<div class=\"screen-reader-response\"><p role=\"status\" aria-live=\"polite\" aria-atomic=\"true\"><\/p> <ul><\/ul><\/div>\n<form action=\"\/en\/wp-json\/wp\/v2\/pages\/9014#wpcf7-f9202-o1\" method=\"post\" class=\"wpcf7-form init cf7_custom_style_1\" aria-label=\"Contact form\" novalidate=\"novalidate\" data-status=\"init\">\n<fieldset class=\"hidden-fields-container\"><input type=\"hidden\" name=\"_wpcf7\" value=\"9202\" \/><input type=\"hidden\" name=\"_wpcf7_version\" value=\"6.1.5\" \/><input type=\"hidden\" name=\"_wpcf7_locale\" value=\"en_US\" \/><input type=\"hidden\" name=\"_wpcf7_unit_tag\" value=\"wpcf7-f9202-o1\" \/><input type=\"hidden\" name=\"_wpcf7_container_post\" value=\"0\" \/><input type=\"hidden\" name=\"_wpcf7_posted_data_hash\" value=\"\" \/><input type=\"hidden\" name=\"_wpcf7_recaptcha_response\" value=\"\" \/>\n<\/fieldset>\n<div class=\"cf-container\">\n\t<div class=\"cf-col-6\"><label for=\"nombre\"><span class=\"label\" style=\"font-family: aeonik-regular; font-size: 18px;\">Name<\/span><span class=\"wpcf7-form-control-wrap\" data-name=\"nombre\"><input size=\"40\" maxlength=\"400\" class=\"wpcf7-form-control wpcf7-text wpcf7-validates-as-required\" id=\"nombre\" aria-required=\"true\" aria-invalid=\"false\" value=\"\" type=\"text\" name=\"nombre\" \/><\/span><\/label><\/div>\n\t<div class=\"cf-col-6\"><label for=\"telefono\"><span class=\"label\" style=\"font-family: aeonik-regular; font-size: 18px;\">Phone<\/span><span class=\"wpcf7-form-control-wrap\" data-name=\"telefono\"><input size=\"40\" maxlength=\"400\" class=\"wpcf7-form-control wpcf7-tel wpcf7-validates-as-required wpcf7-text wpcf7-validates-as-tel\" id=\"telefono\" aria-required=\"true\" aria-invalid=\"false\" value=\"\" type=\"tel\" name=\"telefono\" \/><\/span><\/label><\/div>\n\t<div class=\"cf-col-6\"><label for=\"email\"><span class=\"label\" style=\"font-family: aeonik-regular; font-size: 18px;\">Mail<\/span><span class=\"wpcf7-form-control-wrap\" data-name=\"email\"><input size=\"40\" maxlength=\"400\" class=\"wpcf7-form-control wpcf7-email wpcf7-validates-as-required wpcf7-text wpcf7-validates-as-email\" id=\"email\" aria-required=\"true\" aria-invalid=\"false\" placeholder=\"\" value=\"\" type=\"email\" name=\"email\" \/><\/span><\/label><\/div>\n\t<div class=\"cf-col-6\"><label for=\"especialidad\"><span class=\"label\" style=\"font-family: aeonik-regular; font-size: 18px;\">Specialty<\/span><span class=\"wpcf7-form-control-wrap\" data-name=\"especialidad\"><input size=\"40\" maxlength=\"400\" class=\"wpcf7-form-control wpcf7-text wpcf7-validates-as-required\" id=\"especialidad\" aria-required=\"true\" aria-invalid=\"false\" value=\"\" type=\"text\" name=\"especialidad\" \/><\/span><\/label><\/div>\n\t<div class=\"cf-col-12\"><label for=\"mensaje\"><span class=\"label\" style=\"font-family: aeonik-regular; font-size: 18px;\">Message<\/span><span class=\"wpcf7-form-control-wrap\" data-name=\"mensaje\"><textarea cols=\"40\" rows=\"10\" maxlength=\"2000\" class=\"wpcf7-form-control wpcf7-textarea\" id=\"mensaje\" aria-invalid=\"false\" placeholder=\"\" name=\"mensaje\"><\/textarea><\/span><\/label><\/div>\n\t<div class=\"cf-col-8 cf-push-4\" style=\"text-align:right;\"><label for=\"legal-1\"><span style=\"font-family: aeonik-regular; font-size: 18px; color: #949597;\"> <span class=\"wpcf7-form-control-wrap\" data-name=\"legal-1\"><span class=\"wpcf7-form-control wpcf7-acceptance\"><span class=\"wpcf7-list-item\"><label><input type=\"checkbox\" name=\"legal-1\" value=\"1\" id=\"legal-1\" aria-invalid=\"false\" \/><span class=\"wpcf7-list-item-label\">I have read and accept the <a target=\"_blank\" rel=\"nofollow\" href=\"https:\/\/www.logisticadorada.solbyte.dev\/politica-de-privacidad\/\">privacy policy<\/a>.<\/span><\/label><\/span><\/span><\/span><\/label><\/div>\n\t<div class=\"cf-col-4 cf-push-8\" style=\"text-align:right;\"><input class=\"wpcf7-form-control wpcf7-submit has-spinner\" type=\"submit\" value=\"Submit\" \/><\/span><\/div>\n<\/div><div class=\"wpcf7-response-output\" aria-hidden=\"true\"><\/div>\n<\/form>\n<\/div>\n[\/vc_column][vc_column width=&#8221;1\/2&#8243;][vc_gmaps link=&#8221;#E-8_JTNDaWZyYW1lJTIwc3JjJTNEJTIyaHR0cHMlM0ElMkYlMkZ3d3cuZ29vZ2xlLmNvbSUyRm1hcHMlMkZlbWJlZCUzRnBiJTNEJTIxMW0xOCUyMTFtMTIlMjExbTMlMjExZDMxOTguMTE3MzI5ODI4OTgwNSUyMTJkLTQuNDExMDg2Njg0OTc2OTc4JTIxM2QzNi43MTk3NDMyNzk5MjQ2NSUyMTJtMyUyMTFmMCUyMTJmMCUyMTNmMCUyMTNtMiUyMTFpMTAyNCUyMTJpNzY4JTIxNGYxMy4xJTIxM20zJTIxMW0yJTIxMXMweGQ3MmY3ZTg1MGJlMGNhNSUyNTNBMHgzNDA0Mzg3Yzg2ZGIwZWNhJTIxMnNDbCUyNUMzJTI1QURuaWNhJTJCZGVsJTJCUGllJTJCTGElMkJNYWxhZ3VldGElMjE1ZTAlMjEzbTIlMjExc2VzJTIxMnNlcyUyMTR2MTU0MDM2NjU1MDI2OCUyMiUyMHdpZHRoJTNEJTIyMTAwJTI1JTIyJTIwaGVpZ2h0JTNEJTIyNzgwJTIyJTIwZnJhbWVib3JkZXIlM0QlMjIwJTIyJTIwc3R5bGUlM0QlMjJib3JkZXIlM0EwJTIyJTIwYWxsb3dmdWxsc2NyZWVuJTNEJTIyJTIyJTNFJTNDJTJGaWZyYW1lJTNF&#8221;][\/vc_column][\/vc_row]<\/p>\n\n\n<div class=\"kk-star-ratings kksr-auto kksr-align-center kksr-valign-bottom\"\n    data-payload='{&quot;align&quot;:&quot;center&quot;,&quot;id&quot;:&quot;9014&quot;,&quot;slug&quot;:&quot;default&quot;,&quot;valign&quot;:&quot;bottom&quot;,&quot;ignore&quot;:&quot;&quot;,&quot;reference&quot;:&quot;auto&quot;,&quot;class&quot;:&quot;&quot;,&quot;count&quot;:&quot;0&quot;,&quot;legendonly&quot;:&quot;&quot;,&quot;readonly&quot;:&quot;&quot;,&quot;score&quot;:&quot;0&quot;,&quot;starsonly&quot;:&quot;&quot;,&quot;best&quot;:&quot;5&quot;,&quot;gap&quot;:&quot;4&quot;,&quot;greet&quot;:&quot;Rate this page&quot;,&quot;legend&quot;:&quot;0\\\/5 - (0 votes)&quot;,&quot;size&quot;:&quot;22&quot;,&quot;title&quot;:&quot;Contact&quot;,&quot;width&quot;:&quot;0&quot;,&quot;_legend&quot;:&quot;{score}\\\/{best} - ({count} {votes})&quot;,&quot;font_factor&quot;:&quot;1.25&quot;}'>\n            \n<div class=\"kksr-stars\">\n    \n<div class=\"kksr-stars-inactive\">\n            <div class=\"kksr-star\" data-star=\"1\" style=\"padding-right: 4px\">\n            \n\n<div class=\"kksr-icon\" style=\"width: 22px; height: 22px;\"><\/div>\n        <\/div>\n            <div class=\"kksr-star\" data-star=\"2\" style=\"padding-right: 4px\">\n            \n\n<div class=\"kksr-icon\" style=\"width: 22px; height: 22px;\"><\/div>\n        <\/div>\n            <div class=\"kksr-star\" data-star=\"3\" style=\"padding-right: 4px\">\n            \n\n<div class=\"kksr-icon\" style=\"width: 22px; height: 22px;\"><\/div>\n        <\/div>\n            <div class=\"kksr-star\" data-star=\"4\" style=\"padding-right: 4px\">\n            \n\n<div class=\"kksr-icon\" style=\"width: 22px; height: 22px;\"><\/div>\n        <\/div>\n            <div class=\"kksr-star\" data-star=\"5\" style=\"padding-right: 4px\">\n            \n\n<div class=\"kksr-icon\" style=\"width: 22px; height: 22px;\"><\/div>\n        <\/div>\n    <\/div>\n    \n<div class=\"kksr-stars-active\" style=\"width: 0px;\">\n            <div class=\"kksr-star\" style=\"padding-right: 4px\">\n            \n\n<div class=\"kksr-icon\" style=\"width: 22px; height: 22px;\"><\/div>\n        <\/div>\n            <div class=\"kksr-star\" style=\"padding-right: 4px\">\n            \n\n<div class=\"kksr-icon\" style=\"width: 22px; height: 22px;\"><\/div>\n        <\/div>\n            <div class=\"kksr-star\" style=\"padding-right: 4px\">\n            \n\n<div class=\"kksr-icon\" style=\"width: 22px; height: 22px;\"><\/div>\n        <\/div>\n            <div class=\"kksr-star\" style=\"padding-right: 4px\">\n            \n\n<div class=\"kksr-icon\" style=\"width: 22px; height: 22px;\"><\/div>\n        <\/div>\n            <div class=\"kksr-star\" style=\"padding-right: 4px\">\n            \n\n<div class=\"kksr-icon\" style=\"width: 22px; height: 22px;\"><\/div>\n        <\/div>\n    <\/div>\n<\/div>\n                \n\n<div class=\"kksr-legend\" style=\"font-size: 17.6px;\">\n            <span class=\"kksr-muted\">Rate this page<\/span>\n    <\/div>\n    <\/div>\n<\/div>","protected":false},"excerpt":{"rendered":"<p>[vc_row css_animation=&#8221;&#8221; row_type=&#8221;row&#8221; use_row_as_full_screen_section=&#8221;no&#8221; type=&#8221;grid&#8221; angled_section=&#8221;no&#8221; text_align=&#8221;left&#8221; background_image=&#8221;6743&#8243; background_image_as_pattern=&#8221;without_pattern&#8221; z_index=&#8221;&#8221; css=&#8221;.vc_custom_1732624732866{margin-top: -8rem !important;padding-top: 22rem !important;padding-bottom: 5rem !important;}&#8221; el_class=&#8221;img-filter&#8221;][vc_column][vc_column_text] Contact Cl\u00ednica&#8230;<\/p>\n","protected":false},"author":2,"featured_media":0,"parent":0,"menu_order":0,"comment_status":"closed","ping_status":"closed","template":"full_width.php","meta":{"inline_featured_image":false,"footnotes":""},"class_list":["post-9014","page","type-page","status-publish","hentry"],"yoast_head":"<!-- This site is optimized with the Yoast SEO plugin v27.4 - https:\/\/yoast.com\/product\/yoast-seo-wordpress\/ -->\n<title>Contact us | Cl\u00ednica del Pie La Malagueta<\/title>\n<meta name=\"description\" content=\"Contact Cl\u00ednica del Pie La Malagueta. C\/ Maestranza, 21 - 1\u00ba 1 (near the Bullring) Telephone: 952 609 736. Email: info@clinicadelpielamalagueta.com.\" \/>\n<meta name=\"robots\" content=\"index, follow, max-snippet:-1, max-image-preview:large, max-video-preview:-1\" \/>\n<link rel=\"canonical\" href=\"https:\/\/clinicadelpielamalagueta.com\/contacto\/\" \/>\n<meta property=\"og:locale\" content=\"en_US\" \/>\n<meta property=\"og:type\" content=\"article\" \/>\n<meta property=\"og:title\" content=\"Contact us | Cl\u00ednica del Pie La Malagueta\" \/>\n<meta property=\"og:description\" content=\"Contact Cl\u00ednica del Pie La Malagueta. C\/ Maestranza, 21 - 1\u00ba 1 (near the Bullring) Telephone: 952 609 736. Email: info@clinicadelpielamalagueta.com.\" \/>\n<meta property=\"og:url\" content=\"https:\/\/clinicadelpielamalagueta.com\/contacto\/\" \/>\n<meta property=\"og:site_name\" content=\"Clinica del Pie La Malagueta\" \/>\n<meta property=\"article:modified_time\" content=\"2024-11-26T12:38:59+00:00\" \/>\n<meta name=\"twitter:card\" content=\"summary_large_image\" \/>\n<meta name=\"twitter:label1\" content=\"Est. reading time\" \/>\n\t<meta name=\"twitter:data1\" content=\"2 minutes\" \/>\n<script type=\"application\/ld+json\" class=\"yoast-schema-graph\">{\"@context\":\"https:\\\/\\\/schema.org\",\"@graph\":[{\"@type\":\"WebPage\",\"@id\":\"https:\\\/\\\/clinicadelpielamalagueta.com\\\/contacto\\\/\",\"url\":\"https:\\\/\\\/clinicadelpielamalagueta.com\\\/contacto\\\/\",\"name\":\"Contact us | Cl\u00ednica del Pie La Malagueta\",\"isPartOf\":{\"@id\":\"https:\\\/\\\/clinicadelpielamalagueta.com\\\/#website\"},\"datePublished\":\"2018-01-11T09:14:46+00:00\",\"dateModified\":\"2024-11-26T12:38:59+00:00\",\"description\":\"Contact Cl\u00ednica del Pie La Malagueta. C\\\/ Maestranza, 21 - 1\u00ba 1 (near the Bullring) Telephone: 952 609 736. Email: info@clinicadelpielamalagueta.com.\",\"breadcrumb\":{\"@id\":\"https:\\\/\\\/clinicadelpielamalagueta.com\\\/contacto\\\/#breadcrumb\"},\"inLanguage\":\"en-US\",\"potentialAction\":[{\"@type\":\"ReadAction\",\"target\":[\"https:\\\/\\\/clinicadelpielamalagueta.com\\\/contacto\\\/\"]}]},{\"@type\":\"BreadcrumbList\",\"@id\":\"https:\\\/\\\/clinicadelpielamalagueta.com\\\/contacto\\\/#breadcrumb\",\"itemListElement\":[{\"@type\":\"ListItem\",\"position\":1,\"name\":\"Portada\",\"item\":\"https:\\\/\\\/clinicadelpielamalagueta.com\\\/en\\\/\"},{\"@type\":\"ListItem\",\"position\":2,\"name\":\"Contact\"}]},{\"@type\":\"WebSite\",\"@id\":\"https:\\\/\\\/clinicadelpielamalagueta.com\\\/#website\",\"url\":\"https:\\\/\\\/clinicadelpielamalagueta.com\\\/\",\"name\":\"Clinica del Pie La Malagueta\",\"description\":\"Pod\u00f3logo M\u00e1laga: Especialistas en podolog\u00eda general, deportiva e infantil.\",\"potentialAction\":[{\"@type\":\"SearchAction\",\"target\":{\"@type\":\"EntryPoint\",\"urlTemplate\":\"https:\\\/\\\/clinicadelpielamalagueta.com\\\/?s={search_term_string}\"},\"query-input\":{\"@type\":\"PropertyValueSpecification\",\"valueRequired\":true,\"valueName\":\"search_term_string\"}}],\"inLanguage\":\"en-US\"}]}<\/script>\n<!-- \/ Yoast SEO plugin. -->","yoast_head_json":{"title":"Contact us | Cl\u00ednica del Pie La Malagueta","description":"Contact Cl\u00ednica del Pie La Malagueta. C\/ Maestranza, 21 - 1\u00ba 1 (near the Bullring) Telephone: 952 609 736. Email: info@clinicadelpielamalagueta.com.","robots":{"index":"index","follow":"follow","max-snippet":"max-snippet:-1","max-image-preview":"max-image-preview:large","max-video-preview":"max-video-preview:-1"},"canonical":"https:\/\/clinicadelpielamalagueta.com\/contacto\/","og_locale":"en_US","og_type":"article","og_title":"Contact us | Cl\u00ednica del Pie La Malagueta","og_description":"Contact Cl\u00ednica del Pie La Malagueta. C\/ Maestranza, 21 - 1\u00ba 1 (near the Bullring) Telephone: 952 609 736. Email: info@clinicadelpielamalagueta.com.","og_url":"https:\/\/clinicadelpielamalagueta.com\/contacto\/","og_site_name":"Clinica del Pie La Malagueta","article_modified_time":"2024-11-26T12:38:59+00:00","twitter_card":"summary_large_image","twitter_misc":{"Est. reading time":"2 minutes"},"schema":{"@context":"https:\/\/schema.org","@graph":[{"@type":"WebPage","@id":"https:\/\/clinicadelpielamalagueta.com\/contacto\/","url":"https:\/\/clinicadelpielamalagueta.com\/contacto\/","name":"Contact us | Cl\u00ednica del Pie La Malagueta","isPartOf":{"@id":"https:\/\/clinicadelpielamalagueta.com\/#website"},"datePublished":"2018-01-11T09:14:46+00:00","dateModified":"2024-11-26T12:38:59+00:00","description":"Contact Cl\u00ednica del Pie La Malagueta. C\/ Maestranza, 21 - 1\u00ba 1 (near the Bullring) Telephone: 952 609 736. Email: info@clinicadelpielamalagueta.com.","breadcrumb":{"@id":"https:\/\/clinicadelpielamalagueta.com\/contacto\/#breadcrumb"},"inLanguage":"en-US","potentialAction":[{"@type":"ReadAction","target":["https:\/\/clinicadelpielamalagueta.com\/contacto\/"]}]},{"@type":"BreadcrumbList","@id":"https:\/\/clinicadelpielamalagueta.com\/contacto\/#breadcrumb","itemListElement":[{"@type":"ListItem","position":1,"name":"Portada","item":"https:\/\/clinicadelpielamalagueta.com\/en\/"},{"@type":"ListItem","position":2,"name":"Contact"}]},{"@type":"WebSite","@id":"https:\/\/clinicadelpielamalagueta.com\/#website","url":"https:\/\/clinicadelpielamalagueta.com\/","name":"Clinica del Pie La Malagueta","description":"Pod\u00f3logo M\u00e1laga: Especialistas en podolog\u00eda general, deportiva e infantil.","potentialAction":[{"@type":"SearchAction","target":{"@type":"EntryPoint","urlTemplate":"https:\/\/clinicadelpielamalagueta.com\/?s={search_term_string}"},"query-input":{"@type":"PropertyValueSpecification","valueRequired":true,"valueName":"search_term_string"}}],"inLanguage":"en-US"}]}},"_links":{"self":[{"href":"https:\/\/clinicadelpielamalagueta.com\/en\/wp-json\/wp\/v2\/pages\/9014","targetHints":{"allow":["GET"]}}],"collection":[{"href":"https:\/\/clinicadelpielamalagueta.com\/en\/wp-json\/wp\/v2\/pages"}],"about":[{"href":"https:\/\/clinicadelpielamalagueta.com\/en\/wp-json\/wp\/v2\/types\/page"}],"author":[{"embeddable":true,"href":"https:\/\/clinicadelpielamalagueta.com\/en\/wp-json\/wp\/v2\/users\/2"}],"replies":[{"embeddable":true,"href":"https:\/\/clinicadelpielamalagueta.com\/en\/wp-json\/wp\/v2\/comments?post=9014"}],"version-history":[{"count":11,"href":"https:\/\/clinicadelpielamalagueta.com\/en\/wp-json\/wp\/v2\/pages\/9014\/revisions"}],"predecessor-version":[{"id":12194,"href":"https:\/\/clinicadelpielamalagueta.com\/en\/wp-json\/wp\/v2\/pages\/9014\/revisions\/12194"}],"wp:attachment":[{"href":"https:\/\/clinicadelpielamalagueta.com\/en\/wp-json\/wp\/v2\/media?parent=9014"}],"curies":[{"name":"wp","href":"https:\/\/api.w.org\/{rel}","templated":true}]}}