{"id":9017,"date":"2020-04-30T09:49:30","date_gmt":"2020-04-30T09:49:30","guid":{"rendered":"https:\/\/clinicadelpielamalagueta.com\/onychomycosis-online-course\/"},"modified":"2024-01-18T16:04:35","modified_gmt":"2024-01-18T16:04:35","slug":"onychomycosis-online-course","status":"publish","type":"page","link":"https:\/\/clinicadelpielamalagueta.com\/en\/podiatry-courses\/onychomycosis-online-course\/","title":{"rendered":"Onychomycosis online course"},"content":{"rendered":"<div class=\"wpb-content-wrapper\"><p>[vc_row css_animation=&#8221;&#8221; row_type=&#8221;row&#8221; use_row_as_full_screen_section=&#8221;no&#8221; type=&#8221;grid&#8221; angled_section=&#8221;no&#8221; text_align=&#8221;left&#8221; background_image_as_pattern=&#8221;without_pattern&#8221; css=&#8221;.vc_custom_1588236468083{padding-top: 3% !important;}&#8221; z_index=&#8221;&#8221;][vc_column width=&#8221;1\/2&#8243;][vc_column_text]<\/p>\n<h1 style=\"font-size: 30px; line-height: 38px; color: #465d87; font-weight: bold;\">Onychomycosis online course<\/h1>\n<p style=\"font-size: 20px; line-height: 30px;\"><i>Types, diagnosis and treatment<\/i><\/p>\n<p>[\/vc_column_text][vc_empty_space][vc_column_text]<strong>Onychomycosis<\/strong> <strong>is undoubtedly the podiatric pathology that affects most of the population<\/strong>. Eighty percent of the population has had, has or will have some type of nail alteration or pathology. That is the reason why we conducted our Onychomycosis Online Course.<\/p>\n<p>&nbsp;<\/p>\n<p>The great problem with this pathology is that<strong>  is totally underestimated and underdiagnosed in the vast majority of cases.<\/strong>  This causes a  <strong>large number of patients may not be able to solve their problem.<\/strong>  Therefore, they have to live with a problem that in some cases makes them feel self-conscious and prevents them from wearing uncovered shoes at certain times of the year.<\/p>\n<p>&nbsp;<\/p>\n<p>With this Onychomycosis Online Course  <strong>you will learn to identify the different nail pathologies that exist, establishing a classification of the lesions and a differential diagnosis.<\/strong>  that will allow you to diagnose the pathology with certainty and prescribe the most appropriate treatment to help your patient solve his or her problem.[\/vc_column_text][\/vc_column][vc_column css_animation=&#8221;fadeIn&#8221; width=&#8221;1\/2&#8243;][vc_empty_space][vc_single_image image=&#8221;5779&#8243; img_size=&#8221;full&#8221; qode_css_animation=&#8221;&#8221;][vc_empty_space][\/vc_column][\/vc_row][vc_row css_animation=&#8221;&#8221; row_type=&#8221;row&#8221; use_row_as_full_screen_section=&#8221;no&#8221; type=&#8221;grid&#8221; angled_section=&#8221;no&#8221; text_align=&#8221;left&#8221; background_image_as_pattern=&#8221;without_pattern&#8221; z_index=&#8221;&#8221; css=&#8221;.vc_custom_1588246673465{margin-top: 3% !important;margin-bottom: 3% !important;}&#8221;][vc_column]<div class=\"qode-accordion-holder clearfix qode-toggle qode-initial \">\n\t<h3 class=\"clearfix qode-title-holder\">\n<span class=\"qode-tab-title\">\n\t    <span class=\"qode-tab-title-inner\">\n        Course methodology    <\/span>\n<\/span>\n<span class=\"qode-accordion-mark\">\n    <span class=\"qode-accordion-mark-icon\">\n        <span class=\"icon_plus\"><\/span>\n        <span class=\"icon_minus-06\"><\/span>\n    <\/span>\n<\/span>\n<\/h3>\n<div class=\"qode-accordion-content \" >\n    <div class=\"qode-accordion-content-inner\">\n        [vc_column_text]<\/p>\n<ul>\n<li>The course is divided into different modules so that you can access them freely and whenever you feel like it. No more theory and straight to the point, because what matters to us is practice and not filling our heads with unnecessary data.<\/li>\n<\/ul>\n<ul>\n<li>Throughout the course I will give you practical examples of real situations that I encounter in my practice and how I deal with them. Learning to understand the patient and the origin of the lesion is essential to solve the problem.<\/li>\n<\/ul>\n<ul>\n<li>At the end of the course I will provide you with several real clinical cases from my practice.<\/li>\n<\/ul>\n<ul>\n<li>The final self-assessment will allow you to evaluate your knowledge at the end of the course.<\/li>\n<\/ul>\n<ul>\n<li>A summarized infographic will also be part of the course methodology so that you have access to the classifications of the pathology and their respective treatments in a quick and precise way.<\/li>\n<\/ul>\n<ul>\n<li>Once the course is over, you will be able to communicate with me whenever you wish via e-mail to consult me about any cases that concern you or if you need a second opinion.<\/li>\n<\/ul>\n<p>[\/vc_column_text]    <\/div>\n<\/div><h3 class=\"clearfix qode-title-holder\">\n<span class=\"qode-tab-title\">\n\t    <span class=\"qode-tab-title-inner\">\n        Course objectives    <\/span>\n<\/span>\n<span class=\"qode-accordion-mark\">\n    <span class=\"qode-accordion-mark-icon\">\n        <span class=\"icon_plus\"><\/span>\n        <span class=\"icon_minus-06\"><\/span>\n    <\/span>\n<\/span>\n<\/h3>\n<div class=\"qode-accordion-content \" >\n    <div class=\"qode-accordion-content-inner\">\n        [vc_column_text]<\/p>\n<ul>\n<li>To provide you with the knowledge and skills necessary to solve a common pathology in our daily practice.<\/li>\n<li>Update your knowledge on this subject and evaluate other actions or methodologies for the resolution of the pathology, with the help of another professional with years of experience in this field.<\/li>\n<li>To know from an experienced professional all the solutions and alternatives to this pathology.<\/li>\n<li>To value the importance of this pathology, which becomes a real problem for many patients.<\/li>\n<\/ul>\n<p>[\/vc_column_text]    <\/div>\n<\/div><h3 class=\"clearfix qode-title-holder\">\n<span class=\"qode-tab-title\">\n\t    <span class=\"qode-tab-title-inner\">\n        Why have I created this course?    <\/span>\n<\/span>\n<span class=\"qode-accordion-mark\">\n    <span class=\"qode-accordion-mark-icon\">\n        <span class=\"icon_plus\"><\/span>\n        <span class=\"icon_minus-06\"><\/span>\n    <\/span>\n<\/span>\n<\/h3>\n<div class=\"qode-accordion-content \" >\n    <div class=\"qode-accordion-content-inner\">\n        [vc_column_text]<\/p>\n<ul>\n<li>Without a doubt, I am certain that the podiatrist is the professional with the most adequate training to treat such a frequent pathology that is never well diagnosed by other medical specialties.<\/li>\n<li>I have had the need to create this course to capture all my experience in this case and help you understand this pathology much better and have the necessary resources to solve it and create a future loyalty with your patient.<\/li>\n<\/ul>\n<p>[\/vc_column_text]    <\/div>\n<\/div><\/div>[\/vc_column][\/vc_row][vc_row css_animation=&#8221;&#8221; row_type=&#8221;row&#8221; use_row_as_full_screen_section=&#8221;no&#8221; type=&#8221;grid&#8221; angled_section=&#8221;no&#8221; text_align=&#8221;center&#8221; background_image_as_pattern=&#8221;without_pattern&#8221; css=&#8221;.vc_custom_1588246606930{margin-top: 3% !important;margin-bottom: 4% !important;background-color: #ffffff !important;}&#8221; z_index=&#8221;&#8221;][vc_column][vc_empty_space][vc_column_text]<\/p>\n<h2 style=\"text-align: center; font-size: 30px; line-height: 40px; color: #5d7296;\">Do you want to access all the contents of this course?<\/h2>\n<p>[\/vc_column_text][vc_empty_space height=&#8221;15px&#8221;]\n\n\t<a href=\"https:\/\/formacion.clinicadelpielamalagueta.com\/onicomicosis-tipos-diagnostico-y-tratamientos\/buy\" target=\"_self\" style=\"color: #ffffff;background-color: #ff8800;font-size: 20px\" class=\"qode-btn qode-btn-medium qode-btn-solid qode-btn-custom-hover-bg qode-btn-custom-hover-color qode-btn-icon qode-btn-default-hover\" data-hover-bg-color=\"#ff7700\" data-hover-color=\"#ffffff\" >\n\t    <span class=\"qode-btn-text\">Buy online course<\/span><span class=\"qode-button-v2-icon-holder\"  ><i class=\"qode_icon_font_awesome fa fa-caret-right qode-button-v2-icon-holder-inner\" ><\/i><\/span>\t<\/a>\n\n[vc_empty_space height=&#8221;25px&#8221; el_class=&#8221;vc_hidden-xs vc_hidden-sm&#8221;][vc_empty_space el_class=&#8221;vc_hidden-lg vc_hidden-md&#8221;][\/vc_column][\/vc_row][vc_row css_animation=&#8221;&#8221; row_type=&#8221;row&#8221; use_row_as_full_screen_section=&#8221;no&#8221; type=&#8221;grid&#8221; angled_section=&#8221;no&#8221; text_align=&#8221;left&#8221; background_image_as_pattern=&#8221;without_pattern&#8221; z_index=&#8221;&#8221; css=&#8221;.vc_custom_1550590071167{padding-top: 3% !important;padding-bottom: 3% !important;background-color: #465d87 !important;}&#8221; el_class=&#8221;vc_hidden-sm vc_hidden-xs&#8221;][vc_column width=&#8221;1\/4&#8243;]<div class='q_team'><div class='q_team_inner'><div class='q_team_image'><img itemprop='image' src='https:\/\/clinicadelpielamalagueta.com\/wp-content\/uploads\/2018\/10\/fotograf\u00eda-77.jpg' alt='fotograf\u00eda 77' \/><\/div><div class='q_team_text' ><div class='q_team_text_inner'><div class='q_team_title_holder'><p class='q_team_name' style = 'color: #000000;'>Dr Victor Hidalgo<\/p><span style = 'color: #465d87;'>PODOLOGIST<\/span><\/div><\/div><div class='q_team_social_holder'><\/div><\/div><\/div><\/div>[\/vc_column][vc_column width=&#8221;1\/2&#8243;][vc_column_text el_class=&#8221;vc_hidden-sm vc_hidden-xs&#8221;]<\/p>\n<p style=\"text-align: left; color: #fff; font-weight: bold; font-size: 27px;\">Dr. Victor Hidalgo<\/p>\n<p>[\/vc_column_text][vc_empty_space][vc_column_text]<\/p>\n<p style=\"color: #fff; font-weight: 500;\">Dr. Victor Hidalgo has been practicing his profession since 2003, and in 2004 he opened his own podiatry clinic in Malaga. Since then and to date, he has developed his professional activity in this business and has combined it with the realization of numerous courses and congresses both as an assistant and as a speaker.<\/p>\n<p>&nbsp;<\/p>\n<p style=\"color: #fff; font-weight: 500;\">Now that he has fulfilled one of his dreams, which was to see his business prosper and be recognized within the profession by colleagues and patients, he wishes to collaborate within multidisciplinary teams to achieve a more global vision of the pathologies that afflict patients.<\/p>\n<p>[\/vc_column_text][vc_single_image image=&#8221;5301&#8243; img_size=&#8221;full&#8221; qode_css_animation=&#8221;&#8221;][\/vc_column][vc_column width=&#8221;1\/4&#8243;][\/vc_column][\/vc_row][vc_row css_animation=&#8221;&#8221; row_type=&#8221;row&#8221; use_row_as_full_screen_section=&#8221;no&#8221; type=&#8221;full_width&#8221; angled_section=&#8221;no&#8221; text_align=&#8221;left&#8221; background_image_as_pattern=&#8221;without_pattern&#8221; z_index=&#8221;&#8221; css=&#8221;.vc_custom_1539181023651{padding-top: 4% !important;}&#8221; el_class=&#8221;vc_hidden-lg vc_hidden-md&#8221;][vc_column][vc_row_inner row_type=&#8221;row&#8221; type=&#8221;grid&#8221; text_align=&#8221;left&#8221; css_animation=&#8221;&#8221; css=&#8221;.vc_custom_1526470819632{padding-bottom: 2% !important;}&#8221;][vc_column_inner width=&#8221;3\/4&#8243;][vc_column_text el_class=&#8221;vc_hidden-lg vc_hidden-md&#8221; css=&#8221;.vc_custom_1539772017245{padding-bottom: 10px !important;}&#8221;]<\/p>\n<p style=\"text-align: left; color: #465d87; font-weight: bold; font-size: 25px;\">Dr. Victor Hidalgo<\/p>\n<p>[\/vc_column_text][vc_empty_space][vc_column_text css=&#8221;.vc_custom_1543921901783{padding-bottom: 10px !important;}&#8221;]Dr. Victor Hidalgo has been practicing his profession since 2003, and in 2004 he opened his own podiatry clinic in Malaga. Since then and to date, he has developed his professional activity in this business and has combined it with the realization of numerous courses and congresses both as an assistant and as a speaker.<\/p>\n<p>&nbsp;<\/p>\n<p>Now that he has fulfilled one of his dreams, which was to see his business prosper and be recognized within the profession by colleagues and patients, he wishes to collaborate within multidisciplinary teams to achieve a more global vision of the pathologies that afflict patients.<\/p>\n<p>&nbsp;<\/p>\n<h3 style=\"text-align: center; color: #848484;\"><strong>&#8220;Learning every day is the only way to get better at your job.&#8221;<\/strong><\/h3>\n<p>[\/vc_column_text][\/vc_column_inner][vc_column_inner width=&#8221;1\/4&#8243; offset=&#8221;vc_col-lg-3&#8243;]<div class='q_team'><div class='q_team_inner'><div class='q_team_image'><img itemprop='image' src='https:\/\/clinicadelpielamalagueta.com\/wp-content\/uploads\/2018\/10\/fotograf\u00eda-77.jpg' alt='fotograf\u00eda 77' \/><\/div><div class='q_team_text' ><div class='q_team_text_inner'><div class='q_team_title_holder'><p class='q_team_name' style = 'color: #000000;'>Dr Victor Hidalgo<\/p><span style = 'color: #465d87;'>PODOLOGIST<\/span><\/div><\/div><div class='q_team_social_holder'><\/div><\/div><\/div><\/div>[\/vc_column_inner][\/vc_row_inner][\/vc_column][\/vc_row]<\/p>\n\n\n<div class=\"kk-star-ratings kksr-auto kksr-align-center kksr-valign-bottom\"\n    data-payload='{&quot;align&quot;:&quot;center&quot;,&quot;id&quot;:&quot;9017&quot;,&quot;slug&quot;:&quot;default&quot;,&quot;valign&quot;:&quot;bottom&quot;,&quot;ignore&quot;:&quot;&quot;,&quot;reference&quot;:&quot;auto&quot;,&quot;class&quot;:&quot;&quot;,&quot;count&quot;:&quot;0&quot;,&quot;legendonly&quot;:&quot;&quot;,&quot;readonly&quot;:&quot;&quot;,&quot;score&quot;:&quot;0&quot;,&quot;starsonly&quot;:&quot;&quot;,&quot;best&quot;:&quot;5&quot;,&quot;gap&quot;:&quot;4&quot;,&quot;greet&quot;:&quot;Rate this page&quot;,&quot;legend&quot;:&quot;0\\\/5 - (0 votes)&quot;,&quot;size&quot;:&quot;22&quot;,&quot;title&quot;:&quot;Onychomycosis online course&quot;,&quot;width&quot;:&quot;0&quot;,&quot;_legend&quot;:&quot;{score}\\\/{best} - ({count} {votes})&quot;,&quot;font_factor&quot;:&quot;1.25&quot;}'>\n            \n<div class=\"kksr-stars\">\n    \n<div class=\"kksr-stars-inactive\">\n            <div class=\"kksr-star\" data-star=\"1\" style=\"padding-right: 4px\">\n            \n\n<div class=\"kksr-icon\" style=\"width: 22px; height: 22px;\"><\/div>\n        <\/div>\n            <div class=\"kksr-star\" data-star=\"2\" style=\"padding-right: 4px\">\n            \n\n<div class=\"kksr-icon\" style=\"width: 22px; height: 22px;\"><\/div>\n        <\/div>\n            <div class=\"kksr-star\" data-star=\"3\" style=\"padding-right: 4px\">\n            \n\n<div class=\"kksr-icon\" style=\"width: 22px; height: 22px;\"><\/div>\n        <\/div>\n            <div class=\"kksr-star\" data-star=\"4\" style=\"padding-right: 4px\">\n            \n\n<div class=\"kksr-icon\" style=\"width: 22px; height: 22px;\"><\/div>\n        <\/div>\n            <div class=\"kksr-star\" data-star=\"5\" style=\"padding-right: 4px\">\n            \n\n<div class=\"kksr-icon\" style=\"width: 22px; height: 22px;\"><\/div>\n        <\/div>\n    <\/div>\n    \n<div class=\"kksr-stars-active\" style=\"width: 0px;\">\n            <div class=\"kksr-star\" style=\"padding-right: 4px\">\n            \n\n<div class=\"kksr-icon\" style=\"width: 22px; height: 22px;\"><\/div>\n        <\/div>\n            <div class=\"kksr-star\" style=\"padding-right: 4px\">\n            \n\n<div class=\"kksr-icon\" style=\"width: 22px; height: 22px;\"><\/div>\n        <\/div>\n            <div class=\"kksr-star\" style=\"padding-right: 4px\">\n            \n\n<div class=\"kksr-icon\" style=\"width: 22px; height: 22px;\"><\/div>\n        <\/div>\n            <div class=\"kksr-star\" style=\"padding-right: 4px\">\n            \n\n<div class=\"kksr-icon\" style=\"width: 22px; height: 22px;\"><\/div>\n        <\/div>\n            <div class=\"kksr-star\" style=\"padding-right: 4px\">\n            \n\n<div class=\"kksr-icon\" style=\"width: 22px; height: 22px;\"><\/div>\n        <\/div>\n    <\/div>\n<\/div>\n                \n\n<div class=\"kksr-legend\" style=\"font-size: 17.6px;\">\n            <span class=\"kksr-muted\">Rate this page<\/span>\n    <\/div>\n    <\/div>\n<\/div>","protected":false},"excerpt":{"rendered":"<p>[vc_row css_animation=&#8221;&#8221; row_type=&#8221;row&#8221; use_row_as_full_screen_section=&#8221;no&#8221; type=&#8221;grid&#8221; angled_section=&#8221;no&#8221; text_align=&#8221;left&#8221; background_image_as_pattern=&#8221;without_pattern&#8221; css=&#8221;.vc_custom_1588236468083{padding-top: 3% !important;}&#8221; z_index=&#8221;&#8221;][vc_column width=&#8221;1\/2&#8243;][vc_column_text] Onychomycosis online course Types, diagnosis and treatment&#8230;<\/p>\n","protected":false},"author":5,"featured_media":8775,"parent":9196,"menu_order":0,"comment_status":"closed","ping_status":"closed","template":"full_width.php","meta":{"inline_featured_image":false,"footnotes":""},"class_list":["post-9017","page","type-page","status-publish","has-post-thumbnail","hentry"],"yoast_head":"<!-- This site is optimized with the Yoast SEO plugin v27.3 - https:\/\/yoast.com\/product\/yoast-seo-wordpress\/ -->\n<title>Onychomycosis Online Course for Podiatrists | Foot Clinic \ud83e\udd47.<\/title>\n<meta name=\"description\" content=\"Onychomycosis Online Course. Access the best online training on onychomycosis \u2705 Learn the types, how to diagnose and treat it.\" \/>\n<meta name=\"robots\" content=\"index, follow, max-snippet:-1, max-image-preview:large, max-video-preview:-1\" \/>\n<link rel=\"canonical\" href=\"https:\/\/clinicadelpielamalagueta.com\/cursos-de-podologia\/curso-de-onicomicosis\/\" \/>\n<meta property=\"og:locale\" content=\"en_US\" \/>\n<meta property=\"og:type\" content=\"article\" \/>\n<meta property=\"og:title\" content=\"Onychomycosis Online Course for Podiatrists | Foot Clinic \ud83e\udd47.\" \/>\n<meta property=\"og:description\" content=\"Onychomycosis Online Course. Access the best online training on onychomycosis \u2705 Learn the types, how to diagnose and treat it.\" \/>\n<meta property=\"og:url\" content=\"https:\/\/clinicadelpielamalagueta.com\/cursos-de-podologia\/curso-de-onicomicosis\/\" \/>\n<meta property=\"og:site_name\" content=\"Clinica del Pie La Malagueta\" \/>\n<meta property=\"article:modified_time\" content=\"2024-01-18T16:04:35+00:00\" \/>\n<meta property=\"og:image\" content=\"https:\/\/clinicadelpielamalagueta.com\/wp-content\/uploads\/2021\/05\/PODOLOGIA-VICTOR-20-scaled.jpg\" \/>\n\t<meta property=\"og:image:width\" content=\"2560\" \/>\n\t<meta property=\"og:image:height\" content=\"1709\" \/>\n\t<meta property=\"og:image:type\" content=\"image\/jpeg\" \/>\n<meta name=\"twitter:card\" content=\"summary_large_image\" \/>\n<meta name=\"twitter:label1\" content=\"Est. reading time\" \/>\n\t<meta name=\"twitter:data1\" content=\"7 minutes\" \/>\n<script type=\"application\/ld+json\" class=\"yoast-schema-graph\">{\"@context\":\"https:\\\/\\\/schema.org\",\"@graph\":[{\"@type\":\"WebPage\",\"@id\":\"https:\\\/\\\/clinicadelpielamalagueta.com\\\/cursos-de-podologia\\\/curso-de-onicomicosis\\\/\",\"url\":\"https:\\\/\\\/clinicadelpielamalagueta.com\\\/cursos-de-podologia\\\/curso-de-onicomicosis\\\/\",\"name\":\"Onychomycosis Online Course for Podiatrists | Foot Clinic \ud83e\udd47.\",\"isPartOf\":{\"@id\":\"https:\\\/\\\/clinicadelpielamalagueta.com\\\/#website\"},\"primaryImageOfPage\":{\"@id\":\"https:\\\/\\\/clinicadelpielamalagueta.com\\\/cursos-de-podologia\\\/curso-de-onicomicosis\\\/#primaryimage\"},\"image\":{\"@id\":\"https:\\\/\\\/clinicadelpielamalagueta.com\\\/cursos-de-podologia\\\/curso-de-onicomicosis\\\/#primaryimage\"},\"thumbnailUrl\":\"https:\\\/\\\/clinicadelpielamalagueta.com\\\/wp-content\\\/uploads\\\/2021\\\/05\\\/PODOLOGIA-VICTOR-20-scaled.jpg\",\"datePublished\":\"2020-04-30T09:49:30+00:00\",\"dateModified\":\"2024-01-18T16:04:35+00:00\",\"description\":\"Onychomycosis Online Course. Access the best online training on onychomycosis \u2705 Learn the types, how to diagnose and treat it.\",\"breadcrumb\":{\"@id\":\"https:\\\/\\\/clinicadelpielamalagueta.com\\\/cursos-de-podologia\\\/curso-de-onicomicosis\\\/#breadcrumb\"},\"inLanguage\":\"en-US\",\"potentialAction\":[{\"@type\":\"ReadAction\",\"target\":[\"https:\\\/\\\/clinicadelpielamalagueta.com\\\/cursos-de-podologia\\\/curso-de-onicomicosis\\\/\"]}]},{\"@type\":\"ImageObject\",\"inLanguage\":\"en-US\",\"@id\":\"https:\\\/\\\/clinicadelpielamalagueta.com\\\/cursos-de-podologia\\\/curso-de-onicomicosis\\\/#primaryimage\",\"url\":\"https:\\\/\\\/clinicadelpielamalagueta.com\\\/wp-content\\\/uploads\\\/2021\\\/05\\\/PODOLOGIA-VICTOR-20-scaled.jpg\",\"contentUrl\":\"https:\\\/\\\/clinicadelpielamalagueta.com\\\/wp-content\\\/uploads\\\/2021\\\/05\\\/PODOLOGIA-VICTOR-20-scaled.jpg\",\"width\":2560,\"height\":1709,\"caption\":\"PODOLOGIA VICTOR 20 scaled\"},{\"@type\":\"BreadcrumbList\",\"@id\":\"https:\\\/\\\/clinicadelpielamalagueta.com\\\/cursos-de-podologia\\\/curso-de-onicomicosis\\\/#breadcrumb\",\"itemListElement\":[{\"@type\":\"ListItem\",\"position\":1,\"name\":\"Portada\",\"item\":\"https:\\\/\\\/clinicadelpielamalagueta.com\\\/en\\\/\"},{\"@type\":\"ListItem\",\"position\":2,\"name\":\"Podiatry Courses\",\"item\":\"https:\\\/\\\/clinicadelpielamalagueta.com\\\/cursos-de-podologia\\\/\"},{\"@type\":\"ListItem\",\"position\":3,\"name\":\"Onychomycosis online course\"}]},{\"@type\":\"WebSite\",\"@id\":\"https:\\\/\\\/clinicadelpielamalagueta.com\\\/#website\",\"url\":\"https:\\\/\\\/clinicadelpielamalagueta.com\\\/\",\"name\":\"Clinica del Pie La Malagueta\",\"description\":\"Pod\u00f3logo M\u00e1laga: Especialistas en podolog\u00eda general, deportiva e infantil.\",\"potentialAction\":[{\"@type\":\"SearchAction\",\"target\":{\"@type\":\"EntryPoint\",\"urlTemplate\":\"https:\\\/\\\/clinicadelpielamalagueta.com\\\/?s={search_term_string}\"},\"query-input\":{\"@type\":\"PropertyValueSpecification\",\"valueRequired\":true,\"valueName\":\"search_term_string\"}}],\"inLanguage\":\"en-US\"}]}<\/script>\n<!-- \/ Yoast SEO plugin. -->","yoast_head_json":{"title":"Onychomycosis Online Course for Podiatrists | Foot Clinic \ud83e\udd47.","description":"Onychomycosis Online Course. Access the best online training on onychomycosis \u2705 Learn the types, how to diagnose and treat it.","robots":{"index":"index","follow":"follow","max-snippet":"max-snippet:-1","max-image-preview":"max-image-preview:large","max-video-preview":"max-video-preview:-1"},"canonical":"https:\/\/clinicadelpielamalagueta.com\/cursos-de-podologia\/curso-de-onicomicosis\/","og_locale":"en_US","og_type":"article","og_title":"Onychomycosis Online Course for Podiatrists | Foot Clinic \ud83e\udd47.","og_description":"Onychomycosis Online Course. Access the best online training on onychomycosis \u2705 Learn the types, how to diagnose and treat it.","og_url":"https:\/\/clinicadelpielamalagueta.com\/cursos-de-podologia\/curso-de-onicomicosis\/","og_site_name":"Clinica del Pie La Malagueta","article_modified_time":"2024-01-18T16:04:35+00:00","og_image":[{"width":2560,"height":1709,"url":"https:\/\/clinicadelpielamalagueta.com\/wp-content\/uploads\/2021\/05\/PODOLOGIA-VICTOR-20-scaled.jpg","type":"image\/jpeg"}],"twitter_card":"summary_large_image","twitter_misc":{"Est. reading time":"7 minutes"},"schema":{"@context":"https:\/\/schema.org","@graph":[{"@type":"WebPage","@id":"https:\/\/clinicadelpielamalagueta.com\/cursos-de-podologia\/curso-de-onicomicosis\/","url":"https:\/\/clinicadelpielamalagueta.com\/cursos-de-podologia\/curso-de-onicomicosis\/","name":"Onychomycosis Online Course for Podiatrists | Foot Clinic \ud83e\udd47.","isPartOf":{"@id":"https:\/\/clinicadelpielamalagueta.com\/#website"},"primaryImageOfPage":{"@id":"https:\/\/clinicadelpielamalagueta.com\/cursos-de-podologia\/curso-de-onicomicosis\/#primaryimage"},"image":{"@id":"https:\/\/clinicadelpielamalagueta.com\/cursos-de-podologia\/curso-de-onicomicosis\/#primaryimage"},"thumbnailUrl":"https:\/\/clinicadelpielamalagueta.com\/wp-content\/uploads\/2021\/05\/PODOLOGIA-VICTOR-20-scaled.jpg","datePublished":"2020-04-30T09:49:30+00:00","dateModified":"2024-01-18T16:04:35+00:00","description":"Onychomycosis Online Course. Access the best online training on onychomycosis \u2705 Learn the types, how to diagnose and treat it.","breadcrumb":{"@id":"https:\/\/clinicadelpielamalagueta.com\/cursos-de-podologia\/curso-de-onicomicosis\/#breadcrumb"},"inLanguage":"en-US","potentialAction":[{"@type":"ReadAction","target":["https:\/\/clinicadelpielamalagueta.com\/cursos-de-podologia\/curso-de-onicomicosis\/"]}]},{"@type":"ImageObject","inLanguage":"en-US","@id":"https:\/\/clinicadelpielamalagueta.com\/cursos-de-podologia\/curso-de-onicomicosis\/#primaryimage","url":"https:\/\/clinicadelpielamalagueta.com\/wp-content\/uploads\/2021\/05\/PODOLOGIA-VICTOR-20-scaled.jpg","contentUrl":"https:\/\/clinicadelpielamalagueta.com\/wp-content\/uploads\/2021\/05\/PODOLOGIA-VICTOR-20-scaled.jpg","width":2560,"height":1709,"caption":"PODOLOGIA VICTOR 20 scaled"},{"@type":"BreadcrumbList","@id":"https:\/\/clinicadelpielamalagueta.com\/cursos-de-podologia\/curso-de-onicomicosis\/#breadcrumb","itemListElement":[{"@type":"ListItem","position":1,"name":"Portada","item":"https:\/\/clinicadelpielamalagueta.com\/en\/"},{"@type":"ListItem","position":2,"name":"Podiatry Courses","item":"https:\/\/clinicadelpielamalagueta.com\/cursos-de-podologia\/"},{"@type":"ListItem","position":3,"name":"Onychomycosis online course"}]},{"@type":"WebSite","@id":"https:\/\/clinicadelpielamalagueta.com\/#website","url":"https:\/\/clinicadelpielamalagueta.com\/","name":"Clinica del Pie La Malagueta","description":"Pod\u00f3logo M\u00e1laga: Especialistas en podolog\u00eda general, deportiva e infantil.","potentialAction":[{"@type":"SearchAction","target":{"@type":"EntryPoint","urlTemplate":"https:\/\/clinicadelpielamalagueta.com\/?s={search_term_string}"},"query-input":{"@type":"PropertyValueSpecification","valueRequired":true,"valueName":"search_term_string"}}],"inLanguage":"en-US"}]}},"_links":{"self":[{"href":"https:\/\/clinicadelpielamalagueta.com\/en\/wp-json\/wp\/v2\/pages\/9017","targetHints":{"allow":["GET"]}}],"collection":[{"href":"https:\/\/clinicadelpielamalagueta.com\/en\/wp-json\/wp\/v2\/pages"}],"about":[{"href":"https:\/\/clinicadelpielamalagueta.com\/en\/wp-json\/wp\/v2\/types\/page"}],"author":[{"embeddable":true,"href":"https:\/\/clinicadelpielamalagueta.com\/en\/wp-json\/wp\/v2\/users\/5"}],"replies":[{"embeddable":true,"href":"https:\/\/clinicadelpielamalagueta.com\/en\/wp-json\/wp\/v2\/comments?post=9017"}],"version-history":[{"count":27,"href":"https:\/\/clinicadelpielamalagueta.com\/en\/wp-json\/wp\/v2\/pages\/9017\/revisions"}],"predecessor-version":[{"id":10327,"href":"https:\/\/clinicadelpielamalagueta.com\/en\/wp-json\/wp\/v2\/pages\/9017\/revisions\/10327"}],"up":[{"embeddable":true,"href":"https:\/\/clinicadelpielamalagueta.com\/en\/wp-json\/wp\/v2\/pages\/9196"}],"wp:featuredmedia":[{"embeddable":true,"href":"https:\/\/clinicadelpielamalagueta.com\/en\/wp-json\/wp\/v2\/media\/8775"}],"wp:attachment":[{"href":"https:\/\/clinicadelpielamalagueta.com\/en\/wp-json\/wp\/v2\/media?parent=9017"}],"curies":[{"name":"wp","href":"https:\/\/api.w.org\/{rel}","templated":true}]}}