{"id":9598,"date":"2023-10-06T10:43:59","date_gmt":"2023-10-06T10:43:59","guid":{"rendered":"https:\/\/clinicadelpielamalagueta.com\/emergencies\/"},"modified":"2025-06-18T10:24:39","modified_gmt":"2025-06-18T10:24:39","slug":"emergencies","status":"publish","type":"page","link":"https:\/\/clinicadelpielamalagueta.com\/en\/emergencies\/","title":{"rendered":"Emergencies"},"content":{"rendered":"<div class=\"wpb-content-wrapper\"><p>[vc_row css_animation=&#8221;&#8221; row_type=&#8221;row&#8221; use_row_as_full_screen_section=&#8221;no&#8221; type=&#8221;grid&#8221; angled_section=&#8221;no&#8221; text_align=&#8221;left&#8221; background_image_as_pattern=&#8221;without_pattern&#8221; z_index=&#8221;&#8221; css=&#8221;.vc_custom_1732624759329{margin-top: -8rem !important;padding-top: 20rem !important;padding-bottom: 5rem !important;background-image: url(https:\/\/clinicadelpielamalagueta.com\/wp-content\/uploads\/2023\/07\/banner-reflexologia-podal-clinicadelpie.jpg?id=6893) !important;}&#8221; el_class=&#8221;img-filter&#8221;][vc_column width=&#8221;2\/3&#8243;][vc_column_text]<\/p>\n<h1 class=\"titulo-cabecera\" style=\"font-size: 30px; line-height: 55px; color: #fff; font-weight: bold;\">24 hour emergency podiatrist in Malaga<\/h1>\n<p>&nbsp;<\/p>\n<p style=\"font-size: 20px; line-height: 30px; color: #fff;\">Have you had an accident in your day, or do you have any pain that worries you? Make an emergency appointment at Cl\u00ednica del Pie La Malagueta. We will assist you, help you, and guide you in your<\/p>\n<p>[\/vc_column_text][vc_empty_space]\n\n\t<a href=\"tel:+34699165800\" target=\"_blank\" style=\"color: #ffffff;background-color: #a1866a;font-family: aeonik-regular;font-size: 18px\" class=\"qode-btn qode-btn-medium qode-btn-solid qode-btn-custom-hover-bg qode-btn-custom-hover-color qode-btn-default-hover\" data-hover-bg-color=\"#ffffff\" data-hover-color=\"#a1866a\" >\n\t    <span class=\"qode-btn-text\">Call now<\/span>\t<\/a>\n\n[\/vc_column][vc_column width=&#8221;1\/3&#8243; css=&#8221;.vc_custom_1696582123313{padding-top: 2rem !important;padding-right: 2rem !important;padding-bottom: 2rem !important;padding-left: 2rem !important;}&#8221;][\/vc_column][\/vc_row][vc_row css_animation=&#8221;&#8221; row_type=&#8221;row&#8221; use_row_as_full_screen_section=&#8221;no&#8221; type=&#8221;grid&#8221; angled_section=&#8221;no&#8221; text_align=&#8221;left&#8221; background_image_as_pattern=&#8221;without_pattern&#8221; z_index=&#8221;&#8221; css=&#8221;.vc_custom_1696584248885{padding-top: 5rem !important;}&#8221;][vc_column width=&#8221;1\/3&#8243;]<span data-type=\"normal\" data-hover-icon-color=\"#c3b19a\" class=\"qode_icon_shortcode  q_font_awsome_icon fa-4x pull-center \" style=\" \"><i class=\"qode_icon_font_awesome fa fa-mobile qode_icon_element\" style=\"color: #a1866a;\" ><\/i><\/span>[vc_column_text]<\/p>\n<p style=\"text-align: center; font-size: 30px; color: black;\">Phone<\/p>\n<p style=\"text-align: center;\"><a class=\"qode_icon_font_awesome fa fa-phone qode_icon_element\" href=\"tel:+34699165800\">+34 699 165 800<\/a><\/p>\n<p>[\/vc_column_text][\/vc_column][vc_column width=&#8221;1\/3&#8243;]<span data-type=\"normal\" data-hover-icon-color=\"#c3b19a\" class=\"qode_icon_shortcode  q_font_awsome_icon fa-4x pull-center \" style=\" \"><i class=\"qode_icon_font_awesome fa fa-clock-o qode_icon_element\" style=\"color: #a1866a;\" ><\/i><\/span>[vc_column_text]<\/p>\n<p style=\"text-align: center; font-size: 30px; color: black;\">Schedule<\/p>\n<p style=\"text-align: center;\">Monday to Sunday<\/p>\n<p>[\/vc_column_text][\/vc_column][vc_column width=&#8221;1\/3&#8243;]<span data-type=\"normal\" data-hover-icon-color=\"#c3b19a\" class=\"qode_icon_shortcode  q_font_awsome_icon fa-4x pull-center \" style=\" \"><i class=\"qode_icon_font_awesome fa fa-map-marker qode_icon_element\" style=\"color: #a1866a;\" ><\/i><\/span>[vc_column_text]<\/p>\n<p style=\"text-align: center; font-size: 30px; color: black;\">Address<\/p>\n<p style=\"text-align: center;\">Find us at Calle Maestranza, 21, 1\u00ba1, 29016 M\u00e1laga<\/p>\n<p>[\/vc_column_text][\/vc_column][\/vc_row][vc_row css_animation=&#8221;&#8221; row_type=&#8221;row&#8221; use_row_as_full_screen_section=&#8221;no&#8221; type=&#8221;grid&#8221; angled_section=&#8221;no&#8221; text_align=&#8221;left&#8221; background_image_as_pattern=&#8221;without_pattern&#8221; css=&#8221;.vc_custom_1696491861928{padding-top: 5rem !important;padding-bottom: 5rem !important;}&#8221; z_index=&#8221;&#8221;][vc_column parallax=&#8221;content-moving&#8221; width=&#8221;1\/2&#8243;][vc_column_text]<\/p>\n<h2>Urgent podiatry<\/h2>\n<p>[\/vc_column_text][vc_empty_space][vc_column_text]In Cl\u00ednica del Pie la Malagueta we attend you any day of the week, no matter if it is a weekend or a holiday.<\/p>\n<p>&nbsp;<\/p>\n<p>Call us at the emergency phone number to be attended by a podiatrist who will help you whatever the emergency is.<\/p>\n<p>&nbsp;<\/p>\n<p>An ingrown toenail, a trauma to the toenail that has broken the nail or has raised it, accidents in the foot that cause you a lot of pain, postoperative pain &#8230; are just some examples of common painful causes that can happen on any day of the week and ruin your day, sometimes it is not possible to hold out until the normal opening hours of your podiatry clinic in Malaga, so our emergency podiatrist will assist you by phone at the time and in consultation if you need it.<\/p>\n<p>&nbsp;<\/p>\n<p>Don&#8217;t worry, we are here to help you and your feet![\/vc_column_text][vc_empty_space]\n\n\t<a href=\"tel:+34699165800\" target=\"_blank\" style=\"color: #ffffff;background-color: #a1866a;font-family: aeonik-regular;font-size: 18px\" class=\"qode-btn qode-btn-medium qode-btn-solid qode-btn-custom-hover-bg qode-btn-custom-hover-color qode-btn-default-hover\" data-hover-bg-color=\"#ffffff\" data-hover-color=\"#a1866a\" >\n\t    <span class=\"qode-btn-text\">Call now<\/span>\t<\/a>\n\n[\/vc_column][vc_column width=&#8221;1\/2&#8243;][vc_empty_space height=&#8221;80px&#8221;][vc_gallery interval=&#8221;3&#8243; images=&#8221;7313,7314,7315,7316&#8243; img_size=&#8221;full&#8221;][\/vc_column][\/vc_row][vc_row css_animation=&#8221;&#8221; row_type=&#8221;row&#8221; use_row_as_full_screen_section=&#8221;no&#8221; type=&#8221;grid&#8221; angled_section=&#8221;no&#8221; text_align=&#8221;left&#8221; background_image_as_pattern=&#8221;without_pattern&#8221; z_index=&#8221;&#8221; css=&#8221;.vc_custom_1696584768204{padding-bottom: 5rem !important;}&#8221;][vc_column width=&#8221;1\/3&#8243;]<span data-type=\"normal\" data-hover-icon-color=\"#c3b19a\" class=\"qode_icon_shortcode  q_font_awsome_icon fa-4x pull-center \" style=\" \"><i class=\"qode_icon_font_awesome fa fa-user-md qode_icon_element\" style=\"color: #a1866a;\" ><\/i><\/span>[vc_column_text]<\/p>\n<p style=\"text-align: center; font-size: 30px; color: black;\">More than 20 years of experience<\/p>\n<p>[\/vc_column_text][\/vc_column][vc_column width=&#8221;1\/3&#8243;]<span data-type=\"normal\" data-hover-icon-color=\"#c3b19a\" class=\"qode_icon_shortcode  q_font_awsome_icon fa-4x pull-center \" style=\" \"><i class=\"qode_icon_font_awesome fa fa-check-circle qode_icon_element\" style=\"color: #a1866a;\" ><\/i><\/span>[vc_column_text]<\/p>\n<p style=\"text-align: center; font-size: 30px; color: black;\">Experts in any podiatry emergency<\/p>\n<p>[\/vc_column_text][\/vc_column][vc_column width=&#8221;1\/3&#8243;]<span data-type=\"normal\" data-hover-icon-color=\"#c3b19a\" class=\"qode_icon_shortcode  q_font_awsome_icon fa-4x pull-center \" style=\" \"><i class=\"qode_icon_font_awesome fa fa-user-circle qode_icon_element\" style=\"color: #a1866a;\" ><\/i><\/span>[vc_column_text]<\/p>\n<p style=\"text-align: center; font-size: 30px; color: black;\">Personalized attention<\/p>\n<p>[\/vc_column_text][\/vc_column][\/vc_row][vc_row css_animation=&#8221;&#8221; row_type=&#8221;row&#8221; use_row_as_full_screen_section=&#8221;no&#8221; type=&#8221;grid&#8221; angled_section=&#8221;no&#8221; text_align=&#8221;left&#8221; background_image_as_pattern=&#8221;without_pattern&#8221; css=&#8221;.vc_custom_1686581352825{padding-top: 3rem !important;}&#8221; z_index=&#8221;&#8221;][vc_column][vc_row_inner row_type=&#8221;row&#8221; type=&#8221;full_width&#8221; text_align=&#8221;left&#8221; background_color=&#8221;#c3b19a&#8221; css_animation=&#8221;&#8221; css=&#8221;.vc_custom_1731949794012{margin-bottom: -5rem !important;padding-top: 2rem !important;padding-right: 3rem !important;padding-bottom: 2rem !important;padding-left: 3rem !important;}&#8221;][vc_column_inner width=&#8221;2\/3&#8243;][vc_column_text]<\/p>\n<h2 class=\"banner-servicios\" style=\"font-family: aeonik-bold; font-size: 30px; font weight: 700;\"><span style=\"color: #ffffff;\">We provide assistance for any podiatric emergency<\/span><\/h2>\n<p>[\/vc_column_text][\/vc_column_inner][vc_column_inner width=&#8221;1\/3&#8243;]<a  itemprop=\"url\" href=\"tel:+34699165800\" target=\"_self\" data-hover-background-color=#a1866a data-hover-border-color=#a1866a data-hover-color=#ffffff class=\"qbutton  medium enlarge\" style=\"color: #a1866a; border-color: #a1866a; font-style: normal; font-family: aeonik-regular; text-transform: none; font-size: 25px; margin: 0px 0px 10px 0px; border-radius: 2px;-moz-border-radius: 2px;-webkit-border-radius: 2px; \">Contact us at<span aria-hidden=\"true\" class=\"qode_icon_font_elegant arrow_right qode_button_icon_element\" style=\"\" ><\/span><\/a>[\/vc_column_inner][\/vc_row_inner][\/vc_column][\/vc_row][vc_row css_animation=&#8221;&#8221; row_type=&#8221;row&#8221; use_row_as_full_screen_section=&#8221;no&#8221; type=&#8221;grid&#8221; angled_section=&#8221;no&#8221; text_align=&#8221;left&#8221; background_image_as_pattern=&#8221;without_pattern&#8221; background_color=&#8221;#a1866a&#8221; z_index=&#8221;&#8221; css=&#8221;.vc_custom_1732020883733{padding-top: 5rem !important;padding-right: 3rem !important;padding-bottom: 5rem !important;padding-left: 3rem !important;}&#8221;][vc_column][vc_column_text]<\/p>\n<h2 style=\"text-align: left;\"><span style=\"color: #ffffff;\"> Types of podiatric emergencies<\/span><\/h2>\n<p>[\/vc_column_text][\/vc_column][vc_column][vc_row_inner row_type=&#8221;row&#8221; type=&#8221;full_width&#8221; text_align=&#8221;left&#8221; css_animation=&#8221;&#8221; css=&#8221;.vc_custom_1696586869157{padding-top: 3rem !important;}&#8221;][vc_column_inner el_class=&#8221;columna-podologia&#8221; width=&#8221;1\/3&#8243;][vc_column_text css=&#8221;.vc_custom_1731949821980{background-color: #eceef3 !important;}&#8221; el_class=&#8221;titulo-tabla&#8221;]<\/p>\n<h3 style=\"text-align: center;\"><span style=\"color: #a1866a;\">TRAUMATIC<\/span><\/h3>\n<p>[\/vc_column_text][vc_column_text el_class=&#8221;descripcion-tabla&#8221; css=&#8221;.vc_custom_1696588984103{background-color: #ffffff !important;}&#8221;]<\/p>\n<p style=\"text-align: center;\">They are those that correspond to a blow, an accident while practising your favourite activity or a bad movement can cause intense pain or injury to your foot and\/or toes.<br \/>\nCall us and we will help you to relieve your pain.<\/p>\n<p>[\/vc_column_text][\/vc_column_inner][vc_column_inner width=&#8221;1\/3&#8243;][vc_column_text css=&#8221;.vc_custom_1731949827973{background-color: #eceef3 !important;}&#8221; el_class=&#8221;titulo-tabla&#8221;]<\/p>\n<h3 style=\"text-align: center;\"><span style=\"color: #a1866a;\">INFECTIOUS<\/span><\/h3>\n<p>[\/vc_column_text][vc_column_text el_class=&#8221;descripcion-tabla&#8221; css=&#8221;.vc_custom_1696588990431{background-color: #ffffff !important;}&#8221;]<\/p>\n<p style=\"text-align: center;\">Bacteria can cause intense pain and disability when they find a pleasant place to stay and infections can appear frequently in the foot: a bad nail clipping, a cut in the skin or any sharp object on the ground can quickly ruin our day. If this is your case, we will help you.<\/p>\n<p>[\/vc_column_text][\/vc_column_inner][vc_column_inner width=&#8221;1\/3&#8243;][vc_column_text css=&#8221;.vc_custom_1731949834332{background-color: #eceef3 !important;}&#8221; el_class=&#8221;titulo-tabla&#8221;]<\/p>\n<h3 style=\"text-align: center;\"><span style=\"color: #a1866a;\">POST-SURGICAL <\/span><\/h3>\n<p>[\/vc_column_text][vc_column_text el_class=&#8221;descripcion-tabla&#8221; css=&#8221;.vc_custom_1696588996222{background-color: #ffffff !important;}&#8221;]<\/p>\n<p style=\"text-align: center;\">The most worrying thing for our patients is undoubtedly not having telephone support or assistance in the post-surgical process, as many problems can arise after an operation.<br \/>\nWhether you have had surgery with us or with another specialist, we will be happy to help you.<\/p>\n<p>[\/vc_column_text][\/vc_column_inner][\/vc_row_inner][\/vc_column][\/vc_row][vc_row css_animation=&#8221;&#8221; row_type=&#8221;row&#8221; use_row_as_full_screen_section=&#8221;no&#8221; type=&#8221;grid&#8221; angled_section=&#8221;no&#8221; text_align=&#8221;left&#8221; background_image_as_pattern=&#8221;without_pattern&#8221; z_index=&#8221;&#8221; css=&#8221;.vc_custom_1686581502528{padding-top: 5rem !important;padding-bottom: 5rem !important;}&#8221;][vc_column width=&#8221;1\/2&#8243;][vc_column_text]<\/p>\n<h4 style=\"font-size: 30px; line-height: 40px; text-align: left;\">Contact us for whatever you need<\/h4>\n<p>&nbsp;<\/p>\n<p style=\"text-align: left;\">If you have any questions about our services or need more information do not hesitate to contact us, we will respond as soon as possible.<\/p>\n<p>[\/vc_column_text][vc_empty_space][vc_column_text]<\/p>\n<h3 style=\"text-align: left;\">Phone<\/h3>\n<p>[\/vc_column_text]\n\n\t<a href=\"tel:+34699165800\" target=\"_self\" style=\"color: #a1866a;font-family: aeonik-regular;font-size: 20px;font-weight: 500;text-transform: none;font-style: normal\" class=\"qode-btn qode-btn-medium qode-btn-simple qode-btn-icon qode-btn-default-hover\"  >\n\t    <span class=\"qode-btn-text\">699165800<\/span><span class=\"qode-button-v2-icon-holder\" style=\"font-size: 30px\" ><i class=\"qode_icon_font_awesome fa fa-mobile qode-button-v2-icon-holder-inner\" ><\/i><\/span>\t<\/a>\n\n[vc_empty_space][vc_column_text]<\/p>\n<h3 style=\"text-align: left;\">Email<\/h3>\n<p>[\/vc_column_text]\n\n\t<a href=\"mailto:info@clinicadelpielamalagueta.com\" target=\"_self\" style=\"color: #a1866a;font-family: aeonik-regular;font-size: 20px;font-weight: 500;text-transform: none;font-style: normal\" class=\"qode-btn qode-btn-medium qode-btn-simple qode-btn-icon qode-btn-default-hover\"  >\n\t    <span class=\"qode-btn-text\">info@clinicadelpielamalagueta.com<\/span><span class=\"qode-button-v2-icon-holder\" style=\"font-size: 30px\" ><i class=\"qode_icon_font_awesome fa fa-envelope qode-button-v2-icon-holder-inner\" ><\/i><\/span>\t<\/a>\n\n[vc_empty_space][vc_column_text]<\/p>\n<h3 style=\"text-align: left;\">Address<\/h3>\n<p>[\/vc_column_text]\n\n\t<a href=\"https:\/\/maps.app.goo.gl\/9A3qTEzyQh592GAL9\" target=\"_self\" style=\"color: #a1866a;font-family: aeonik-regular;font-size: 20px;font-weight: 500;text-transform: none;font-style: normal\" class=\"qode-btn qode-btn-medium qode-btn-simple qode-btn-icon qode-btn-default-hover\"  >\n\t    <span class=\"qode-btn-text\">C. Fernando Camino, 16, M\u00e1laga-Este, 29016 M\u00e1laga<\/span><span class=\"qode-button-v2-icon-holder\" style=\"font-size: 30px\" ><i class=\"qode_icon_font_awesome fa fa-home qode-button-v2-icon-holder-inner\" ><\/i><\/span>\t<\/a>\n\n[\/vc_column][vc_column width=&#8221;1\/2&#8243;][vc_gmaps link=&#8221;#E-8_JTNDaWZyYW1lJTIwc3JjJTNEJTIyaHR0cHMlM0ElMkYlMkZ3d3cuZ29vZ2xlLmNvbSUyRm1hcHMlMkZlbWJlZCUzRnBiJTNEJTIxMW0xOCUyMTFtMTIlMjExbTMlMjExZDMxOTguMTE3MzI5ODI4OTgwNSUyMTJkLTQuNDExMDg2Njg0OTc2OTc4JTIxM2QzNi43MTk3NDMyNzk5MjQ2NSUyMTJtMyUyMTFmMCUyMTJmMCUyMTNmMCUyMTNtMiUyMTFpMTAyNCUyMTJpNzY4JTIxNGYxMy4xJTIxM20zJTIxMW0yJTIxMXMweGQ3MmY3ZTg1MGJlMGNhNSUyNTNBMHgzNDA0Mzg3Yzg2ZGIwZWNhJTIxMnNDbCUyNUMzJTI1QURuaWNhJTJCZGVsJTJCUGllJTJCTGElMkJNYWxhZ3VldGElMjE1ZTAlMjEzbTIlMjExc2VzJTIxMnNlcyUyMTR2MTU0MDM2NjU1MDI2OCUyMiUyMHdpZHRoJTNEJTIyMTAwJTI1JTIyJTIwaGVpZ2h0JTNEJTIyNDUwJTIyJTIwZnJhbWVib3JkZXIlM0QlMjIwJTIyJTIwc3R5bGUlM0QlMjJib3JkZXIlM0EwJTIyJTIwYWxsb3dmdWxsc2NyZWVuJTNEJTIyJTIyJTNFJTNDJTJGaWZyYW1lJTNF&#8221;][\/vc_column][\/vc_row]<\/p>\n\n\n<div class=\"kk-star-ratings kksr-auto kksr-align-center kksr-valign-bottom\"\n    data-payload='{&quot;align&quot;:&quot;center&quot;,&quot;id&quot;:&quot;9598&quot;,&quot;slug&quot;:&quot;default&quot;,&quot;valign&quot;:&quot;bottom&quot;,&quot;ignore&quot;:&quot;&quot;,&quot;reference&quot;:&quot;auto&quot;,&quot;class&quot;:&quot;&quot;,&quot;count&quot;:&quot;0&quot;,&quot;legendonly&quot;:&quot;&quot;,&quot;readonly&quot;:&quot;&quot;,&quot;score&quot;:&quot;0&quot;,&quot;starsonly&quot;:&quot;&quot;,&quot;best&quot;:&quot;5&quot;,&quot;gap&quot;:&quot;4&quot;,&quot;greet&quot;:&quot;Rate this page&quot;,&quot;legend&quot;:&quot;0\\\/5 - (0 votes)&quot;,&quot;size&quot;:&quot;22&quot;,&quot;title&quot;:&quot;Emergencies&quot;,&quot;width&quot;:&quot;0&quot;,&quot;_legend&quot;:&quot;{score}\\\/{best} - ({count} {votes})&quot;,&quot;font_factor&quot;:&quot;1.25&quot;}'>\n            \n<div class=\"kksr-stars\">\n    \n<div class=\"kksr-stars-inactive\">\n            <div class=\"kksr-star\" data-star=\"1\" style=\"padding-right: 4px\">\n            \n\n<div class=\"kksr-icon\" style=\"width: 22px; height: 22px;\"><\/div>\n        <\/div>\n            <div class=\"kksr-star\" data-star=\"2\" style=\"padding-right: 4px\">\n            \n\n<div class=\"kksr-icon\" style=\"width: 22px; height: 22px;\"><\/div>\n        <\/div>\n            <div class=\"kksr-star\" data-star=\"3\" style=\"padding-right: 4px\">\n            \n\n<div class=\"kksr-icon\" style=\"width: 22px; height: 22px;\"><\/div>\n        <\/div>\n            <div class=\"kksr-star\" data-star=\"4\" style=\"padding-right: 4px\">\n            \n\n<div class=\"kksr-icon\" style=\"width: 22px; height: 22px;\"><\/div>\n        <\/div>\n            <div class=\"kksr-star\" data-star=\"5\" style=\"padding-right: 4px\">\n            \n\n<div class=\"kksr-icon\" style=\"width: 22px; height: 22px;\"><\/div>\n        <\/div>\n    <\/div>\n    \n<div class=\"kksr-stars-active\" style=\"width: 0px;\">\n            <div class=\"kksr-star\" style=\"padding-right: 4px\">\n            \n\n<div class=\"kksr-icon\" style=\"width: 22px; height: 22px;\"><\/div>\n        <\/div>\n            <div class=\"kksr-star\" style=\"padding-right: 4px\">\n            \n\n<div class=\"kksr-icon\" style=\"width: 22px; height: 22px;\"><\/div>\n        <\/div>\n            <div class=\"kksr-star\" style=\"padding-right: 4px\">\n            \n\n<div class=\"kksr-icon\" style=\"width: 22px; height: 22px;\"><\/div>\n        <\/div>\n            <div class=\"kksr-star\" style=\"padding-right: 4px\">\n            \n\n<div class=\"kksr-icon\" style=\"width: 22px; height: 22px;\"><\/div>\n        <\/div>\n            <div class=\"kksr-star\" style=\"padding-right: 4px\">\n            \n\n<div class=\"kksr-icon\" style=\"width: 22px; height: 22px;\"><\/div>\n        <\/div>\n    <\/div>\n<\/div>\n                \n\n<div class=\"kksr-legend\" style=\"font-size: 17.6px;\">\n            <span class=\"kksr-muted\">Rate this page<\/span>\n    <\/div>\n    <\/div>\n<\/div>","protected":false},"excerpt":{"rendered":"<p>[vc_row css_animation=&#8221;&#8221; row_type=&#8221;row&#8221; use_row_as_full_screen_section=&#8221;no&#8221; type=&#8221;grid&#8221; angled_section=&#8221;no&#8221; text_align=&#8221;left&#8221; background_image_as_pattern=&#8221;without_pattern&#8221; z_index=&#8221;&#8221; css=&#8221;.vc_custom_1732624759329{margin-top: -8rem !important;padding-top: 20rem !important;padding-bottom: 5rem !important;background-image: url(https:\/\/clinicadelpielamalagueta.com\/wp-content\/uploads\/2023\/07\/banner-reflexologia-podal-clinicadelpie.jpg?id=6893) !important;}&#8221; el_class=&#8221;img-filter&#8221;][vc_column width=&#8221;2\/3&#8243;][vc_column_text]&#8230;<\/p>\n","protected":false},"author":5,"featured_media":0,"parent":0,"menu_order":0,"comment_status":"closed","ping_status":"closed","template":"full_width.php","meta":{"inline_featured_image":false,"footnotes":""},"class_list":["post-9598","page","type-page","status-publish","hentry"],"yoast_head":"<!-- This site is optimized with the Yoast SEO plugin v27.4 - https:\/\/yoast.com\/product\/yoast-seo-wordpress\/ -->\n<title>&quot;Podiatrist 24 hours emergencies in Malaga - % Clinica del Pie La Malagueta % \u00ae<\/title>\n<meta name=\"description\" content=\"Make an emergency appointment at Cl\u00ednica del Pie La Malagueta. We attend, help and guide you in your podiatric emergency in Malaga.\" \/>\n<meta name=\"robots\" content=\"index, follow, max-snippet:-1, max-image-preview:large, max-video-preview:-1\" \/>\n<link rel=\"canonical\" href=\"https:\/\/clinicadelpielamalagueta.com\/urgencias-24h\/\" \/>\n<meta property=\"og:locale\" content=\"en_US\" \/>\n<meta property=\"og:type\" content=\"article\" \/>\n<meta property=\"og:title\" content=\"&quot;Podiatrist 24 hours emergencies in Malaga - % Clinica del Pie La Malagueta % \u00ae\" \/>\n<meta property=\"og:description\" content=\"Make an emergency appointment at Cl\u00ednica del Pie La Malagueta. We attend, help and guide you in your podiatric emergency in Malaga.\" \/>\n<meta property=\"og:url\" content=\"https:\/\/clinicadelpielamalagueta.com\/urgencias-24h\/\" \/>\n<meta property=\"og:site_name\" content=\"Clinica del Pie La Malagueta\" \/>\n<meta property=\"article:modified_time\" content=\"2025-06-18T10:24:39+00:00\" \/>\n<meta name=\"twitter:card\" content=\"summary_large_image\" \/>\n<meta name=\"twitter:label1\" content=\"Est. reading time\" \/>\n\t<meta name=\"twitter:data1\" content=\"8 minutes\" \/>\n<script type=\"application\/ld+json\" class=\"yoast-schema-graph\">{\"@context\":\"https:\\\/\\\/schema.org\",\"@graph\":[{\"@type\":\"WebPage\",\"@id\":\"https:\\\/\\\/clinicadelpielamalagueta.com\\\/urgencias-24h\\\/\",\"url\":\"https:\\\/\\\/clinicadelpielamalagueta.com\\\/urgencias-24h\\\/\",\"name\":\"\\\"Podiatrist 24 hours emergencies in Malaga - % Clinica del Pie La Malagueta % \u00ae\",\"isPartOf\":{\"@id\":\"https:\\\/\\\/clinicadelpielamalagueta.com\\\/#website\"},\"datePublished\":\"2023-10-06T10:43:59+00:00\",\"dateModified\":\"2025-06-18T10:24:39+00:00\",\"description\":\"Make an emergency appointment at Cl\u00ednica del Pie La Malagueta. We attend, help and guide you in your podiatric emergency in Malaga.\",\"breadcrumb\":{\"@id\":\"https:\\\/\\\/clinicadelpielamalagueta.com\\\/urgencias-24h\\\/#breadcrumb\"},\"inLanguage\":\"en-US\",\"potentialAction\":[{\"@type\":\"ReadAction\",\"target\":[\"https:\\\/\\\/clinicadelpielamalagueta.com\\\/urgencias-24h\\\/\"]}]},{\"@type\":\"BreadcrumbList\",\"@id\":\"https:\\\/\\\/clinicadelpielamalagueta.com\\\/urgencias-24h\\\/#breadcrumb\",\"itemListElement\":[{\"@type\":\"ListItem\",\"position\":1,\"name\":\"Portada\",\"item\":\"https:\\\/\\\/clinicadelpielamalagueta.com\\\/en\\\/\"},{\"@type\":\"ListItem\",\"position\":2,\"name\":\"Emergencies\"}]},{\"@type\":\"WebSite\",\"@id\":\"https:\\\/\\\/clinicadelpielamalagueta.com\\\/#website\",\"url\":\"https:\\\/\\\/clinicadelpielamalagueta.com\\\/\",\"name\":\"Clinica del Pie La Malagueta\",\"description\":\"Pod\u00f3logo M\u00e1laga: Especialistas en podolog\u00eda general, deportiva e infantil.\",\"potentialAction\":[{\"@type\":\"SearchAction\",\"target\":{\"@type\":\"EntryPoint\",\"urlTemplate\":\"https:\\\/\\\/clinicadelpielamalagueta.com\\\/?s={search_term_string}\"},\"query-input\":{\"@type\":\"PropertyValueSpecification\",\"valueRequired\":true,\"valueName\":\"search_term_string\"}}],\"inLanguage\":\"en-US\"}]}<\/script>\n<!-- \/ Yoast SEO plugin. -->","yoast_head_json":{"title":"\"Podiatrist 24 hours emergencies in Malaga - % Clinica del Pie La Malagueta % \u00ae","description":"Make an emergency appointment at Cl\u00ednica del Pie La Malagueta. We attend, help and guide you in your podiatric emergency in Malaga.","robots":{"index":"index","follow":"follow","max-snippet":"max-snippet:-1","max-image-preview":"max-image-preview:large","max-video-preview":"max-video-preview:-1"},"canonical":"https:\/\/clinicadelpielamalagueta.com\/urgencias-24h\/","og_locale":"en_US","og_type":"article","og_title":"\"Podiatrist 24 hours emergencies in Malaga - % Clinica del Pie La Malagueta % \u00ae","og_description":"Make an emergency appointment at Cl\u00ednica del Pie La Malagueta. We attend, help and guide you in your podiatric emergency in Malaga.","og_url":"https:\/\/clinicadelpielamalagueta.com\/urgencias-24h\/","og_site_name":"Clinica del Pie La Malagueta","article_modified_time":"2025-06-18T10:24:39+00:00","twitter_card":"summary_large_image","twitter_misc":{"Est. reading time":"8 minutes"},"schema":{"@context":"https:\/\/schema.org","@graph":[{"@type":"WebPage","@id":"https:\/\/clinicadelpielamalagueta.com\/urgencias-24h\/","url":"https:\/\/clinicadelpielamalagueta.com\/urgencias-24h\/","name":"\"Podiatrist 24 hours emergencies in Malaga - % Clinica del Pie La Malagueta % \u00ae","isPartOf":{"@id":"https:\/\/clinicadelpielamalagueta.com\/#website"},"datePublished":"2023-10-06T10:43:59+00:00","dateModified":"2025-06-18T10:24:39+00:00","description":"Make an emergency appointment at Cl\u00ednica del Pie La Malagueta. We attend, help and guide you in your podiatric emergency in Malaga.","breadcrumb":{"@id":"https:\/\/clinicadelpielamalagueta.com\/urgencias-24h\/#breadcrumb"},"inLanguage":"en-US","potentialAction":[{"@type":"ReadAction","target":["https:\/\/clinicadelpielamalagueta.com\/urgencias-24h\/"]}]},{"@type":"BreadcrumbList","@id":"https:\/\/clinicadelpielamalagueta.com\/urgencias-24h\/#breadcrumb","itemListElement":[{"@type":"ListItem","position":1,"name":"Portada","item":"https:\/\/clinicadelpielamalagueta.com\/en\/"},{"@type":"ListItem","position":2,"name":"Emergencies"}]},{"@type":"WebSite","@id":"https:\/\/clinicadelpielamalagueta.com\/#website","url":"https:\/\/clinicadelpielamalagueta.com\/","name":"Clinica del Pie La Malagueta","description":"Pod\u00f3logo M\u00e1laga: Especialistas en podolog\u00eda general, deportiva e infantil.","potentialAction":[{"@type":"SearchAction","target":{"@type":"EntryPoint","urlTemplate":"https:\/\/clinicadelpielamalagueta.com\/?s={search_term_string}"},"query-input":{"@type":"PropertyValueSpecification","valueRequired":true,"valueName":"search_term_string"}}],"inLanguage":"en-US"}]}},"_links":{"self":[{"href":"https:\/\/clinicadelpielamalagueta.com\/en\/wp-json\/wp\/v2\/pages\/9598","targetHints":{"allow":["GET"]}}],"collection":[{"href":"https:\/\/clinicadelpielamalagueta.com\/en\/wp-json\/wp\/v2\/pages"}],"about":[{"href":"https:\/\/clinicadelpielamalagueta.com\/en\/wp-json\/wp\/v2\/types\/page"}],"author":[{"embeddable":true,"href":"https:\/\/clinicadelpielamalagueta.com\/en\/wp-json\/wp\/v2\/users\/5"}],"replies":[{"embeddable":true,"href":"https:\/\/clinicadelpielamalagueta.com\/en\/wp-json\/wp\/v2\/comments?post=9598"}],"version-history":[{"count":9,"href":"https:\/\/clinicadelpielamalagueta.com\/en\/wp-json\/wp\/v2\/pages\/9598\/revisions"}],"predecessor-version":[{"id":12195,"href":"https:\/\/clinicadelpielamalagueta.com\/en\/wp-json\/wp\/v2\/pages\/9598\/revisions\/12195"}],"wp:attachment":[{"href":"https:\/\/clinicadelpielamalagueta.com\/en\/wp-json\/wp\/v2\/media?parent=9598"}],"curies":[{"name":"wp","href":"https:\/\/api.w.org\/{rel}","templated":true}]}}